{"id":2,"date":"2026-03-10T11:27:33","date_gmt":"2026-03-10T10:27:33","guid":{"rendered":"https:\/\/adelamo.kreativa.es\/?page_id=2"},"modified":"2026-03-12T10:48:20","modified_gmt":"2026-03-12T09:48:20","slug":"pagina-ejemplo","status":"publish","type":"page","link":"https:\/\/adelamo.kreativa.es\/index.php\/pagina-ejemplo\/","title":{"rendered":"Servicios"},"content":{"rendered":"<p>[et_pb_section fb_built=\u00bb1&#8243; theme_builder_area=\u00bbpost_content\u00bb _builder_version=\u00bb4.27.6&#8243; _module_preset=\u00bbdefault\u00bb][et_pb_row _builder_version=\u00bb4.27.6&#8243; _module_preset=\u00bbdefault\u00bb theme_builder_area=\u00bbpost_content\u00bb][et_pb_column _builder_version=\u00bb4.27.6&#8243; _module_preset=\u00bbdefault\u00bb type=\u00bb4_4&#8243; theme_builder_area=\u00bbpost_content\u00bb][et_pb_text _builder_version=\u00bb4.27.6&#8243; _module_preset=\u00bbdefault\u00bb theme_builder_area=\u00bbpost_content\u00bb hover_enabled=\u00bb0&#8243; sticky_enabled=\u00bb0&#8243;]<\/p>\n<h1>Nuestros Servicios<\/h1>\n<p>&nbsp;<\/p>\n<p>En Antonio del Amo somos una empresa constructora con sede en C\u00e1ceres, comprometida con la calidad y la atenci\u00f3n personalizada en cada proyecto.<\/p>\n<p>Nos encontramos en la Avenida Virgen de la Monta\u00f1a n\u00ba1 y trabajamos con presupuestos a medida para adaptarnos a las necesidades de cada cliente.<\/p>\n<p><strong>Actuaci\u00f3n y direcci\u00f3n de obra<\/strong><br \/>Nos especializamos en la gesti\u00f3n y ejecuci\u00f3n directa de obras, coordinando cada fase del proceso para garantizar que tu proyecto avance con rigor, seguridad y en los plazos acordados.<br \/><strong>Construcci\u00f3n de obra nueva<\/strong><br \/>Llevamos a cabo proyectos de edificaci\u00f3n residencial y comercial desde cero. Nos implicamos desde el primer momento para que el resultado final sea exactamente lo que imaginas.<br \/><strong>Reformas y rehabilitaci\u00f3n<\/strong><br \/>Realizamos reformas integrales de viviendas, locales y oficinas, as\u00ed como trabajos de rehabilitaci\u00f3n de edificios. Cuidamos cada detalle para ofrecerte un resultado duradero y de calidad.<\/p>\n<p>&nbsp;<\/p>\n<p>&nbsp;<\/p>\n<p>[\/et_pb_text][\/et_pb_column][\/et_pb_row][\/et_pb_section]<\/p>\n","protected":false},"excerpt":{"rendered":"<p>Nuestros Servicios &nbsp; En Antonio del Amo somos una empresa constructora con sede en C\u00e1ceres, comprometida con la calidad y la atenci\u00f3n personalizada en cada proyecto. Nos encontramos en la Avenida Virgen de la Monta\u00f1a n\u00ba1 y trabajamos con presupuestos a medida para adaptarnos a las necesidades de cada cliente. Actuaci\u00f3n y direcci\u00f3n de obraNos [&hellip;]<\/p>\n","protected":false},"author":1,"featured_media":0,"parent":0,"menu_order":0,"comment_status":"closed","ping_status":"open","template":"","meta":{"_et_pb_use_builder":"on","_et_pb_old_content":"","_et_gb_content_width":"","footnotes":""},"class_list":["post-2","page","type-page","status-publish","hentry"],"_links":{"self":[{"href":"https:\/\/adelamo.kreativa.es\/index.php\/wp-json\/wp\/v2\/pages\/2","targetHints":{"allow":["GET"]}}],"collection":[{"href":"https:\/\/adelamo.kreativa.es\/index.php\/wp-json\/wp\/v2\/pages"}],"about":[{"href":"https:\/\/adelamo.kreativa.es\/index.php\/wp-json\/wp\/v2\/types\/page"}],"author":[{"embeddable":true,"href":"https:\/\/adelamo.kreativa.es\/index.php\/wp-json\/wp\/v2\/users\/1"}],"replies":[{"embeddable":true,"href":"https:\/\/adelamo.kreativa.es\/index.php\/wp-json\/wp\/v2\/comments?post=2"}],"version-history":[{"count":3,"href":"https:\/\/adelamo.kreativa.es\/index.php\/wp-json\/wp\/v2\/pages\/2\/revisions"}],"predecessor-version":[{"id":52,"href":"https:\/\/adelamo.kreativa.es\/index.php\/wp-json\/wp\/v2\/pages\/2\/revisions\/52"}],"wp:attachment":[{"href":"https:\/\/adelamo.kreativa.es\/index.php\/wp-json\/wp\/v2\/media?parent=2"}],"curies":[{"name":"wp","href":"https:\/\/api.w.org\/{rel}","templated":true}]}}